{"id":492,"date":"2022-04-20T12:36:01","date_gmt":"2022-04-20T12:36:01","guid":{"rendered":"https:\/\/wearekind.se\/start-page-sv\/"},"modified":"2024-11-01T14:18:38","modified_gmt":"2024-11-01T14:18:38","slug":"start-page-sv","status":"publish","type":"page","link":"https:\/\/wearekind.se\/sv\/","title":{"rendered":"Start page (SV)"},"content":{"rendered":"<div class=\"case-slider alignfull\">\n    \n<a href=\"https:\/\/wearekind.se\/sv\/case\/miclev\/\" class=\"catalog-item relative\">\n   <div class=\"catalog-img bg-cover\" style=\"background-image: url(https:\/\/wearekind.se\/wp-content\/uploads\/2023\/02\/Miclev_front.jpg\">\n   <\/div>\n   <div class=\"item-overlay bd-blur-sm absolute top-0 left-0 flex justify-center items-center\">\n        <h4 class=\"mb-0\">Miclev<\/h4>\n   <\/div>\n<\/a>\n\n<a href=\"https:\/\/wearekind.se\/sv\/case\/reliant\/\" class=\"catalog-item relative\">\n   <div class=\"catalog-img bg-cover\" style=\"background-image: url(https:\/\/wearekind.se\/wp-content\/uploads\/2022\/03\/Reliant_Group_typo_centrerad-1.jpg\">\n   <\/div>\n   <div class=\"item-overlay bd-blur-sm absolute top-0 left-0 flex justify-center items-center\">\n        <h4 class=\"mb-0\">Reliant<\/h4>\n   <\/div>\n<\/a>\n\n<a href=\"https:\/\/wearekind.se\/sv\/case\/bjuvsfastigheter\/\" class=\"catalog-item relative\">\n   <div class=\"catalog-img bg-cover\" style=\"background-image: url(https:\/\/wearekind.se\/wp-content\/uploads\/2025\/02\/Bjuvsfastigheter_intro.jpg\">\n   <\/div>\n   <div class=\"item-overlay bd-blur-sm absolute top-0 left-0 flex justify-center items-center\">\n        <h4 class=\"mb-0\">Bjuvsfastigheter<\/h4>\n   <\/div>\n<\/a>\n\n<a href=\"https:\/\/wearekind.se\/sv\/case\/mrs-chengs-noodles\/\" class=\"catalog-item relative\">\n   <div class=\"catalog-img bg-cover\" style=\"background-image: url(https:\/\/wearekind.se\/wp-content\/uploads\/2024\/08\/MrsC_Case_Intro.jpg\">\n   <\/div>\n   <div class=\"item-overlay bd-blur-sm absolute top-0 left-0 flex justify-center items-center\">\n        <h4 class=\"mb-0\">Mrs Cheng&#8217;s Noodles<\/h4>\n   <\/div>\n<\/a>\n\n<a href=\"https:\/\/wearekind.se\/sv\/case\/varma-mackan\/\" class=\"catalog-item relative\">\n   <div class=\"catalog-img bg-cover\" style=\"background-image: url(https:\/\/wearekind.se\/wp-content\/uploads\/2024\/09\/SM_VarmaMackan_Case_Familjefavorit.jpg\">\n   <\/div>\n   <div class=\"item-overlay bd-blur-sm absolute top-0 left-0 flex justify-center items-center\">\n        <h4 class=\"mb-0\">Varma Mackan<\/h4>\n   <\/div>\n<\/a>\n\n<a href=\"https:\/\/wearekind.se\/sv\/case\/urtekram\/\" class=\"catalog-item relative\">\n   <div class=\"catalog-img bg-cover\" style=\"background-image: url(https:\/\/wearekind.se\/wp-content\/uploads\/2022\/03\/20221219_KIND_Urtekram_0887.jpeg\">\n   <\/div>\n   <div class=\"item-overlay bd-blur-sm absolute top-0 left-0 flex justify-center items-center\">\n        <h4 class=\"mb-0\">Urtekram<\/h4>\n   <\/div>\n<\/a>\n    \n    <div class=\"container relative\">\n        \n    <\/div>\n<\/div>\n\n\n<div style=\"height:58px\" aria-hidden=\"true\" class=\"wp-block-spacer\"><\/div>\n\n\n\n<h2 class=\"wp-block-heading alignwide has-text-align-center\">Kind \u00e4r en kreativ kommunikations- och designbyr\u00e5 som hj\u00e4lper varum\u00e4rken att v\u00e4xa.<\/h2>\n\n\n\n<div style=\"height:100px\" aria-hidden=\"true\" class=\"wp-block-spacer\"><\/div>\n\n\n\n<h4 class=\"wp-block-heading\">Utvalt case<\/h4>\n\n\n\n<div class=\"item-grid\">\n    \n<a href=\"https:\/\/wearekind.se\/sv\/case\/mrs-chengs-noodles\/\" class=\"catalog-item relative\">\n   <div class=\"catalog-img bg-cover\" style=\"background-image: url(https:\/\/wearekind.se\/wp-content\/uploads\/2024\/08\/MrsC_Case_Intro.jpg\">\n   <\/div>\n   <div class=\"item-overlay bd-blur-sm absolute top-0 left-0 flex justify-center items-center\">\n        <h4 class=\"mb-0\">Mrs Cheng&#8217;s Noodles<\/h4>\n   <\/div>\n<\/a>\n<\/div>\n\n\n<div style=\"height:58px\" aria-hidden=\"true\" class=\"wp-block-spacer\"><\/div>\n\n\n\n<h2 class=\"wp-block-heading\">Vi erbjuder tj\u00e4nster inom varum\u00e4rkesutveckling, konceptutveckling, f\u00f6rpackningsdesign, varum\u00e4rkesidentiteter, trade marketing och shopper marketing.<\/h2>\n\n\n\n<div style=\"height:58px\" aria-hidden=\"true\" class=\"wp-block-spacer\"><\/div>\n\n\n\n<h2 class=\"wp-block-heading\">Fler av v\u00e5ra kunder<\/h2>\n\n\n\n<div class=\"item-grid alignwide grid-2\">\n    \n<a href=\"https:\/\/wearekind.se\/sv\/case\/bjuvsfastigheter\/\" class=\"catalog-item relative\">\n   <div class=\"catalog-img bg-cover\" style=\"background-image: url(https:\/\/wearekind.se\/wp-content\/uploads\/2025\/02\/Bjuvsfastigheter_intro.jpg\">\n   <\/div>\n   <div class=\"item-overlay bd-blur-sm absolute top-0 left-0 flex justify-center items-center\">\n        <h4 class=\"mb-0\">Bjuvsfastigheter<\/h4>\n   <\/div>\n<\/a>\n\n<a href=\"https:\/\/wearekind.se\/sv\/case\/varma-mackan\/\" class=\"catalog-item relative\">\n   <div class=\"catalog-img bg-cover\" style=\"background-image: url(https:\/\/wearekind.se\/wp-content\/uploads\/2024\/09\/SM_VarmaMackan_Case_Familjefavorit.jpg\">\n   <\/div>\n   <div class=\"item-overlay bd-blur-sm absolute top-0 left-0 flex justify-center items-center\">\n        <h4 class=\"mb-0\">Varma Mackan<\/h4>\n   <\/div>\n<\/a>\n<\/div>\n\n\n<div class=\"item-grid alignwide grid-4\">\n    \n<a href=\"https:\/\/wearekind.se\/sv\/case\/bravo-sommarkampanj\/\" class=\"catalog-item relative\">\n   <div class=\"catalog-img bg-cover\" style=\"background-image: url(https:\/\/wearekind.se\/wp-content\/uploads\/2024\/09\/Bravo_case_Mobil.jpg\">\n   <\/div>\n   <div class=\"item-overlay bd-blur-sm absolute top-0 left-0 flex justify-center items-center\">\n        <h4 class=\"mb-0\">Bravo Sommarkampanj<\/h4>\n   <\/div>\n<\/a>\n\n<a href=\"https:\/\/wearekind.se\/sv\/case\/bong-touch-of-taste-news-2\/\" class=\"catalog-item relative\">\n   <div class=\"catalog-img bg-cover\" style=\"background-image: url(https:\/\/wearekind.se\/wp-content\/uploads\/2024\/03\/20230524_KIND_CasePics_7288.jpg\">\n   <\/div>\n   <div class=\"item-overlay bd-blur-sm absolute top-0 left-0 flex justify-center items-center\">\n        <h4 class=\"mb-0\">Bong Touch of Taste News 2<\/h4>\n   <\/div>\n<\/a>\n\n<a href=\"https:\/\/wearekind.se\/sv\/case\/first-row\/\" class=\"catalog-item relative\">\n   <div class=\"catalog-img bg-cover\" style=\"background-image: url(https:\/\/wearekind.se\/wp-content\/uploads\/2023\/05\/First-Row_Cover.jpg\">\n   <\/div>\n   <div class=\"item-overlay bd-blur-sm absolute top-0 left-0 flex justify-center items-center\">\n        <h4 class=\"mb-0\">First Row<\/h4>\n   <\/div>\n<\/a>\n\n<a href=\"https:\/\/wearekind.se\/sv\/case\/gardinex\/\" class=\"catalog-item relative\">\n   <div class=\"catalog-img bg-cover\" style=\"background-image: url(https:\/\/wearekind.se\/wp-content\/uploads\/2023\/03\/20230524_KIND_CasePics_7203_Gardinex.jpg\">\n   <\/div>\n   <div class=\"item-overlay bd-blur-sm absolute top-0 left-0 flex justify-center items-center\">\n        <h4 class=\"mb-0\">Gardinex<\/h4>\n   <\/div>\n<\/a>\n<\/div>\n\n\n<div style=\"height:100px\" aria-hidden=\"true\" class=\"wp-block-spacer\"><\/div>\n\n\n\n<h2 class=\"wp-block-heading\">Jobba med oss<\/h2>\n\n\n\n<p>Vi tr\u00e4ffar g\u00e4rna nya m\u00e4nniskor och diskuterar sp\u00e4nnande projekt. H\u00f6r av dig oavsett om du letar efter en ny byr\u00e5, vill ta en kopp kaffe eller klappa v\u00e5r byr\u00e5hund. Om du letar efter en praktikplats har vi tyv\u00e4rr inte m\u00f6jlighet att svara p\u00e5 alla f\u00f6rfr\u00e5gningar.<\/p>\n\n\n\n<div class=\"wp-block-buttons is-layout-flex wp-block-buttons-is-layout-flex\">\n<div class=\"wp-block-button\"><a class=\"wp-block-button__link wp-element-button\" href=\"https:\/\/wearekind.se\/sv\/kontakt\/\">Kontakta oss<\/a><\/div>\n<\/div>\n\n\n\n<div style=\"height:100px\" aria-hidden=\"true\" class=\"wp-block-spacer\"><\/div>\n\n\n\n<h2 class=\"wp-block-heading\">N\u00e5gra av v\u00e5ra kunder<\/h2>\n\n\n\n\n<div class=\"client-stage alignwide mt-4 mb-6\">\n            <img decoding=\"async\" class=\"fade-in-once\" src=\"https:\/\/wearekind.se\/wp-content\/uploads\/2022\/03\/Bla_Band_logo_RGB.svg\" style=\"animation-delay: 0s\"  alt=\"\">\n            <img decoding=\"async\" class=\"fade-in-once\" src=\"https:\/\/wearekind.se\/wp-content\/uploads\/2022\/05\/Bong_Touch_of_Taste_black_outline_RGB_hmesida.svg\" style=\"animation-delay: 0.1s\"  alt=\"\">\n            <img decoding=\"async\" class=\"fade-in-once\" src=\"https:\/\/wearekind.se\/wp-content\/uploads\/2022\/05\/Bara_logo_RGB.svg\" style=\"animation-delay: 0.2s\"  alt=\"\">\n            <img decoding=\"async\" class=\"fade-in-once\" src=\"https:\/\/wearekind.se\/wp-content\/uploads\/2022\/03\/Allerum_logotype_notagline.png\" style=\"animation-delay: 0.3s\"  alt=\"\">\n            <img decoding=\"async\" class=\"fade-in-once\" src=\"https:\/\/wearekind.se\/wp-content\/uploads\/2022\/05\/UK_food_logo_black_97_RGB.svg\" style=\"animation-delay: 0.4s\"  alt=\"\">\n            <img decoding=\"async\" class=\"fade-in-once\" src=\"https:\/\/wearekind.se\/wp-content\/uploads\/2022\/03\/Bjare_Logo_RGB.svg\" style=\"animation-delay: 0.5s\"  alt=\"\">\n            <img decoding=\"async\" class=\"fade-in-once\" src=\"https:\/\/wearekind.se\/wp-content\/uploads\/2025\/02\/Bjuvsfastigheter_logo_Vertikal_Kol_RGB-2.svg\" style=\"animation-delay: 0.6s\"  alt=\"\">\n            <img decoding=\"async\" class=\"fade-in-once\" src=\"https:\/\/wearekind.se\/wp-content\/uploads\/2022\/05\/HE_logo_97_RGB.svg\" style=\"animation-delay: 0.7s\"  alt=\"\">\n            <img decoding=\"async\" class=\"fade-in-once\" src=\"https:\/\/wearekind.se\/wp-content\/uploads\/2022\/05\/Miclev_Logotyp_Svart.png\" style=\"animation-delay: 0.8s\"  alt=\"\">\n            <img decoding=\"async\" class=\"fade-in-once\" src=\"https:\/\/wearekind.se\/wp-content\/uploads\/2022\/05\/Helloletsgrow_Logotyp_Svart.svg\" style=\"animation-delay: 0.9s\"  alt=\"\">\n            <img decoding=\"async\" class=\"fade-in-once\" src=\"https:\/\/wearekind.se\/wp-content\/uploads\/2023\/05\/FirstRow_Logo_RGB-1.png\" style=\"animation-delay: 1s\"  alt=\"\">\n            <img decoding=\"async\" class=\"fade-in-once\" src=\"https:\/\/wearekind.se\/wp-content\/uploads\/2022\/03\/Asens_logo_RGB.svg\" style=\"animation-delay: 1.1s\"  alt=\"\">\n            <img decoding=\"async\" class=\"fade-in-once\" src=\"https:\/\/wearekind.se\/wp-content\/uploads\/2022\/03\/lindahls_logo_svart_RGB.svg\" style=\"animation-delay: 1.2s\"  alt=\"\">\n            <img decoding=\"async\" class=\"fade-in-once\" src=\"https:\/\/wearekind.se\/wp-content\/uploads\/2026\/04\/Bagersro_Logotyp_Svart_RGB.png\" style=\"animation-delay: 1.3s\"  alt=\"\">\n            <img decoding=\"async\" class=\"fade-in-once\" src=\"https:\/\/wearekind.se\/wp-content\/uploads\/2026\/04\/Buffe_identitet_Logo_Svart-1.png\" style=\"animation-delay: 1.4s\"  alt=\"\">\n            <img decoding=\"async\" class=\"fade-in-once\" src=\"https:\/\/wearekind.se\/wp-content\/uploads\/2022\/05\/Logo_v2_Bagers_Svart_RGB.png\" style=\"animation-delay: 1.5s\"  alt=\"\">\n            <img decoding=\"async\" class=\"fade-in-once\" src=\"https:\/\/wearekind.se\/wp-content\/uploads\/2022\/05\/Mrs_Chengs_logo_RGB_hemsida.svg\" style=\"animation-delay: 1.6s\"  alt=\"\">\n            <img decoding=\"async\" class=\"fade-in-once\" src=\"https:\/\/wearekind.se\/wp-content\/uploads\/2022\/05\/Brenntag_logo.svg\" style=\"animation-delay: 1.7s\"  alt=\"\">\n            <img decoding=\"async\" class=\"fade-in-once\" src=\"https:\/\/wearekind.se\/wp-content\/uploads\/2023\/03\/Gardinex_Logotyp_OrdbildSymbol_Svart.svg\" style=\"animation-delay: 1.8s\"  alt=\"\">\n            <img decoding=\"async\" class=\"fade-in-once\" src=\"https:\/\/wearekind.se\/wp-content\/uploads\/2022\/05\/AW-LOGO-INTERNATIONAL_RGB_hemsida.svg\" style=\"animation-delay: 1.9s\"  alt=\"\">\n            <img decoding=\"async\" class=\"fade-in-once\" src=\"https:\/\/wearekind.se\/wp-content\/uploads\/2022\/03\/Toppits_Logo_RGB.svg\" style=\"animation-delay: 2s\"  alt=\"\">\n            <img decoding=\"async\" class=\"fade-in-once\" src=\"https:\/\/wearekind.se\/wp-content\/uploads\/2026\/04\/Vileda_logo_flag_cmyk.png\" style=\"animation-delay: 2.1s\"  alt=\"\">\n            <img decoding=\"async\" class=\"fade-in-once\" src=\"https:\/\/wearekind.se\/wp-content\/uploads\/2022\/03\/Hjordnara_RGB.svg\" style=\"animation-delay: 2.2s\"  alt=\"\">\n            <img decoding=\"async\" class=\"fade-in-once\" src=\"https:\/\/wearekind.se\/wp-content\/uploads\/2022\/03\/Bjuv_Logo_2016_RGB.svg\" style=\"animation-delay: 2.3s\"  alt=\"\">\n            <img decoding=\"async\" class=\"fade-in-once\" src=\"https:\/\/wearekind.se\/wp-content\/uploads\/2022\/03\/skanemejerier_logo_RGB.svg\" style=\"animation-delay: 2.4s\"  alt=\"\">\n            <img decoding=\"async\" class=\"fade-in-once\" src=\"https:\/\/wearekind.se\/wp-content\/uploads\/2026\/04\/sodervidinge.png\" style=\"animation-delay: 2.5s\"  alt=\"\">\n            <img decoding=\"async\" class=\"fade-in-once\" src=\"https:\/\/wearekind.se\/wp-content\/uploads\/2022\/05\/Sushi_Rebellion_logo_RGB.svg\" style=\"animation-delay: 2.6s\"  alt=\"\">\n            <img decoding=\"async\" class=\"fade-in-once\" src=\"https:\/\/wearekind.se\/wp-content\/uploads\/2026\/04\/Wettex.png\" style=\"animation-delay: 2.7s\"  alt=\"\">\n            <img decoding=\"async\" class=\"fade-in-once\" src=\"https:\/\/wearekind.se\/wp-content\/uploads\/2022\/03\/Bravo-logotyp_RGB.svg\" style=\"animation-delay: 2.8s\"  alt=\"\">\n            <img decoding=\"async\" class=\"fade-in-once\" src=\"https:\/\/wearekind.se\/wp-content\/uploads\/2026\/04\/Piwa-Food-logotype-CMYK.png\" style=\"animation-delay: 2.9s\"  alt=\"\">\n            <img decoding=\"async\" class=\"fade-in-once\" src=\"https:\/\/wearekind.se\/wp-content\/uploads\/2022\/05\/Bong_RGB_2-1.svg\" style=\"animation-delay: 3s\"  alt=\"\">\n            <img decoding=\"async\" class=\"fade-in-once\" src=\"https:\/\/wearekind.se\/wp-content\/uploads\/2022\/03\/swirl_Logo_RGB.svg\" style=\"animation-delay: 3.1s\"  alt=\"\">\n            <img decoding=\"async\" class=\"fade-in-once\" src=\"https:\/\/wearekind.se\/wp-content\/uploads\/2026\/04\/ProViva_Logotype_Black-1.png\" style=\"animation-delay: 3.2s\"  alt=\"\">\n            <img decoding=\"async\" class=\"fade-in-once\" src=\"https:\/\/wearekind.se\/wp-content\/uploads\/2022\/03\/enklapack_symboltext_RGB.svg\" style=\"animation-delay: 3.3s\"  alt=\"\">\n            <img decoding=\"async\" class=\"fade-in-once\" src=\"https:\/\/wearekind.se\/wp-content\/uploads\/2022\/05\/Reliant_logo_red_text_RGB_small_hemsida.svg\" style=\"animation-delay: 3.4s\"  alt=\"\">\n            <img decoding=\"async\" class=\"fade-in-once\" src=\"https:\/\/wearekind.se\/wp-content\/uploads\/2022\/05\/Lammin_Kuppi_RGB_Blue.svg\" style=\"animation-delay: 3.5s\"  alt=\"\">\n            <img decoding=\"async\" class=\"fade-in-once\" src=\"https:\/\/wearekind.se\/wp-content\/uploads\/2022\/05\/KungMarkatta_logo_RGB_2021.svg\" style=\"animation-delay: 3.6s\"  alt=\"\">\n            <img decoding=\"async\" class=\"fade-in-once\" src=\"https:\/\/wearekind.se\/wp-content\/uploads\/2022\/03\/melitta.svg\" style=\"animation-delay: 3.7s\"  alt=\"\">\n            <img decoding=\"async\" class=\"fade-in-once\" src=\"https:\/\/wearekind.se\/wp-content\/uploads\/2022\/03\/Varma_Koppen_RGB_Blue.svg\" style=\"animation-delay: 3.8s\"  alt=\"\">\n            <img decoding=\"async\" class=\"fade-in-once\" src=\"https:\/\/wearekind.se\/wp-content\/uploads\/2023\/02\/isomitta.svg\" style=\"animation-delay: 3.9s\"  alt=\"\">\n            <img decoding=\"async\" class=\"fade-in-once\" src=\"https:\/\/wearekind.se\/wp-content\/uploads\/2022\/03\/Lactalis_Sverige_logo_RGB.svg\" style=\"animation-delay: 4s\"  alt=\"\">\n            <img decoding=\"async\" class=\"fade-in-once\" src=\"https:\/\/wearekind.se\/wp-content\/uploads\/2022\/03\/president-logo_RGB.svg\" style=\"animation-delay: 4.1s\"  alt=\"\">\n            <img decoding=\"async\" class=\"fade-in-once\" src=\"https:\/\/wearekind.se\/wp-content\/uploads\/2026\/04\/Salakis-logo_RGB.png\" style=\"animation-delay: 4.2s\"  alt=\"\">\n    <\/div>\n\n","protected":false},"excerpt":{"rendered":"<p>Kind \u00e4r en kreativ kommunikations- och designbyr\u00e5 som hj\u00e4lper varum\u00e4rken att v\u00e4xa. Utvalt case Vi erbjuder tj\u00e4nster inom varum\u00e4rkesutveckling, konceptutveckling, f\u00f6rpackningsdesign, varum\u00e4rkesidentiteter, trade marketing och shopper marketing. Fler av v\u00e5ra kunder Jobba med oss Vi tr\u00e4ffar g\u00e4rna nya m\u00e4nniskor och diskuterar sp\u00e4nnande projekt. H\u00f6r av dig oavsett om du letar efter en ny byr\u00e5, vill [&hellip;]<\/p>\n","protected":false},"author":1,"featured_media":0,"parent":0,"menu_order":0,"comment_status":"closed","ping_status":"open","template":"","meta":{"inline_featured_image":false,"footnotes":""},"class_list":["post-492","page","type-page","status-publish","hentry"],"acf":[],"_links":{"self":[{"href":"https:\/\/wearekind.se\/sv\/wp-json\/wp\/v2\/pages\/492","targetHints":{"allow":["GET"]}}],"collection":[{"href":"https:\/\/wearekind.se\/sv\/wp-json\/wp\/v2\/pages"}],"about":[{"href":"https:\/\/wearekind.se\/sv\/wp-json\/wp\/v2\/types\/page"}],"author":[{"embeddable":true,"href":"https:\/\/wearekind.se\/sv\/wp-json\/wp\/v2\/users\/1"}],"replies":[{"embeddable":true,"href":"https:\/\/wearekind.se\/sv\/wp-json\/wp\/v2\/comments?post=492"}],"version-history":[{"count":18,"href":"https:\/\/wearekind.se\/sv\/wp-json\/wp\/v2\/pages\/492\/revisions"}],"predecessor-version":[{"id":1992,"href":"https:\/\/wearekind.se\/sv\/wp-json\/wp\/v2\/pages\/492\/revisions\/1992"}],"wp:attachment":[{"href":"https:\/\/wearekind.se\/sv\/wp-json\/wp\/v2\/media?parent=492"}],"curies":[{"name":"wp","href":"https:\/\/api.w.org\/{rel}","templated":true}]}}