{"id":496,"date":"2022-04-20T12:39:39","date_gmt":"2022-04-20T12:39:39","guid":{"rendered":"https:\/\/wearekind.se\/kontakt\/"},"modified":"2026-02-18T08:28:48","modified_gmt":"2026-02-18T08:28:48","slug":"kontakt","status":"publish","type":"page","link":"https:\/\/wearekind.se\/sv\/kontakt\/","title":{"rendered":"Kontakt"},"content":{"rendered":"\n<div style=\"height:185px\" aria-hidden=\"true\" class=\"wp-block-spacer\"><\/div>\n\n\n\n<h2 class=\"wp-block-heading\">S\u00e4g Hej!<\/h2>\n\n\n\n<p>Vi tr\u00e4ffar g\u00e4rna nya m\u00e4nniskor och diskuterar sp\u00e4nnande projekt. H\u00f6r av dig oavsett om du letar efter en ny byr\u00e5 eller vill ta en kopp kaffe. Om du letar efter en praktikplats har vi tyv\u00e4rr inte m\u00f6jlighet att svara p\u00e5 alla f\u00f6rfr\u00e5gningar.<\/p>\n\n\n\n<div style=\"height:1em\" aria-hidden=\"true\" class=\"wp-block-spacer\"><\/div>\n\n\n\n<p><strong>We are Kind AB<\/strong><br>Humlegatan 4<br>211 27 Malm\u00f6<br><a href=\"mailto:hello@wearekind.se\">hello (at) wearekind (dot) se<\/a><\/p>\n\n\n\n<div style=\"height:1em\" aria-hidden=\"true\" class=\"wp-block-spacer\"><\/div>\n\n\n\n<div class=\"wp-block-columns is-layout-flex wp-container-core-columns-is-layout-9d6595d7 wp-block-columns-is-layout-flex\">\n<div class=\"wp-block-column is-vertically-aligned-top is-layout-flow wp-block-column-is-layout-flow\">\n<figure class=\"wp-block-image size-large\"><img loading=\"lazy\" decoding=\"async\" width=\"683\" height=\"1024\" src=\"https:\/\/wearekind.se\/wp-content\/uploads\/2026\/01\/KIND_4242_portratt-683x1024.jpg\" alt=\"\" class=\"wp-image-2214\" srcset=\"https:\/\/wearekind.se\/wp-content\/uploads\/2026\/01\/KIND_4242_portratt-683x1024.jpg 683w, https:\/\/wearekind.se\/wp-content\/uploads\/2026\/01\/KIND_4242_portratt-200x300.jpg 200w, https:\/\/wearekind.se\/wp-content\/uploads\/2026\/01\/KIND_4242_portratt-768x1151.jpg 768w, https:\/\/wearekind.se\/wp-content\/uploads\/2026\/01\/KIND_4242_portratt-1025x1536.jpg 1025w, https:\/\/wearekind.se\/wp-content\/uploads\/2026\/01\/KIND_4242_portratt.jpg 1348w\" sizes=\"auto, (max-width: 683px) 100vw, 683px\" \/><\/figure>\n\n\n\n<p><strong>Sanna von Gertten<\/strong><br>Byr\u00e5chef<br>0708 &#8211; 154 145<\/p>\n\n\n\n<div class=\"wp-block-columns is-layout-flex wp-container-core-columns-is-layout-9d6595d7 wp-block-columns-is-layout-flex\">\n<div class=\"wp-block-column is-layout-flow wp-block-column-is-layout-flow\"><\/div>\n\n\n\n<div class=\"wp-block-column is-layout-flow wp-block-column-is-layout-flow\"><\/div>\n<\/div>\n<\/div>\n\n\n\n<div class=\"wp-block-column is-vertically-aligned-top is-layout-flow wp-block-column-is-layout-flow\">\n<figure class=\"wp-block-image size-large\"><img loading=\"lazy\" decoding=\"async\" width=\"683\" height=\"1024\" src=\"https:\/\/wearekind.se\/wp-content\/uploads\/2026\/01\/KIND_3496_portratt-683x1024.jpg\" alt=\"\" class=\"wp-image-2216\" srcset=\"https:\/\/wearekind.se\/wp-content\/uploads\/2026\/01\/KIND_3496_portratt-683x1024.jpg 683w, https:\/\/wearekind.se\/wp-content\/uploads\/2026\/01\/KIND_3496_portratt-200x300.jpg 200w, https:\/\/wearekind.se\/wp-content\/uploads\/2026\/01\/KIND_3496_portratt-768x1151.jpg 768w, https:\/\/wearekind.se\/wp-content\/uploads\/2026\/01\/KIND_3496_portratt-1025x1536.jpg 1025w, https:\/\/wearekind.se\/wp-content\/uploads\/2026\/01\/KIND_3496_portratt.jpg 1348w\" sizes=\"auto, (max-width: 683px) 100vw, 683px\" \/><\/figure>\n\n\n\n<p><strong>Hampus Wester<\/strong><br>Art Director &amp; partner<br>0702 &#8211; 973 974<\/p>\n<\/div>\n\n\n\n<div class=\"wp-block-column is-vertically-aligned-top is-layout-flow wp-block-column-is-layout-flow\">\n<figure class=\"wp-block-image size-large\"><img loading=\"lazy\" decoding=\"async\" width=\"683\" height=\"1024\" src=\"https:\/\/wearekind.se\/wp-content\/uploads\/2026\/01\/KIND_3663_portratt-683x1024.jpg\" alt=\"\" class=\"wp-image-2218\" srcset=\"https:\/\/wearekind.se\/wp-content\/uploads\/2026\/01\/KIND_3663_portratt-683x1024.jpg 683w, https:\/\/wearekind.se\/wp-content\/uploads\/2026\/01\/KIND_3663_portratt-200x300.jpg 200w, https:\/\/wearekind.se\/wp-content\/uploads\/2026\/01\/KIND_3663_portratt-768x1151.jpg 768w, https:\/\/wearekind.se\/wp-content\/uploads\/2026\/01\/KIND_3663_portratt-1025x1536.jpg 1025w, https:\/\/wearekind.se\/wp-content\/uploads\/2026\/01\/KIND_3663_portratt.jpg 1348w\" sizes=\"auto, (max-width: 683px) 100vw, 683px\" \/><\/figure>\n\n\n\n<p><strong>Jone Eskilsson<\/strong><br>Art Director &amp; partner<br>0703 &#8211; 354 136<\/p>\n<\/div>\n<\/div>\n\n\n\n<div class=\"wp-block-columns is-layout-flex wp-container-core-columns-is-layout-9d6595d7 wp-block-columns-is-layout-flex\">\n<div class=\"wp-block-column is-vertically-aligned-center is-layout-flow wp-block-column-is-layout-flow\">\n<figure class=\"wp-block-image size-large\"><img loading=\"lazy\" decoding=\"async\" width=\"684\" height=\"1024\" src=\"https:\/\/wearekind.se\/wp-content\/uploads\/2026\/01\/KIND_4438_portratt-684x1024.jpg\" alt=\"\" class=\"wp-image-2221\" srcset=\"https:\/\/wearekind.se\/wp-content\/uploads\/2026\/01\/KIND_4438_portratt-684x1024.jpg 684w, https:\/\/wearekind.se\/wp-content\/uploads\/2026\/01\/KIND_4438_portratt-200x300.jpg 200w, https:\/\/wearekind.se\/wp-content\/uploads\/2026\/01\/KIND_4438_portratt-768x1150.jpg 768w, https:\/\/wearekind.se\/wp-content\/uploads\/2026\/01\/KIND_4438_portratt-1026x1536.jpg 1026w, https:\/\/wearekind.se\/wp-content\/uploads\/2026\/01\/KIND_4438_portratt.jpg 1349w\" sizes=\"auto, (max-width: 684px) 100vw, 684px\" \/><\/figure>\n\n\n\n<p><strong>Jenny Gundersson<\/strong><br>Art Director<br>&#8211;<\/p>\n<\/div>\n\n\n\n<div class=\"wp-block-column is-vertically-aligned-center is-layout-flow wp-block-column-is-layout-flow\">\n<figure class=\"wp-block-image size-large\"><img loading=\"lazy\" decoding=\"async\" width=\"683\" height=\"1024\" src=\"https:\/\/wearekind.se\/wp-content\/uploads\/2026\/01\/KIND_3855_portratt-1-683x1024.jpg\" alt=\"\" class=\"wp-image-2226\" srcset=\"https:\/\/wearekind.se\/wp-content\/uploads\/2026\/01\/KIND_3855_portratt-1-683x1024.jpg 683w, https:\/\/wearekind.se\/wp-content\/uploads\/2026\/01\/KIND_3855_portratt-1-200x300.jpg 200w, https:\/\/wearekind.se\/wp-content\/uploads\/2026\/01\/KIND_3855_portratt-1-768x1151.jpg 768w, https:\/\/wearekind.se\/wp-content\/uploads\/2026\/01\/KIND_3855_portratt-1-1025x1536.jpg 1025w, https:\/\/wearekind.se\/wp-content\/uploads\/2026\/01\/KIND_3855_portratt-1.jpg 1348w\" sizes=\"auto, (max-width: 683px) 100vw, 683px\" \/><\/figure>\n\n\n\n<p><strong>Edvina Berg<\/strong><br>Projektledare<br>0703 &#8211; 303 030<\/p>\n<\/div>\n\n\n\n<div class=\"wp-block-column is-vertically-aligned-center is-layout-flow wp-block-column-is-layout-flow\">\n<figure class=\"wp-block-image size-large\"><img loading=\"lazy\" decoding=\"async\" width=\"684\" height=\"1024\" src=\"https:\/\/wearekind.se\/wp-content\/uploads\/2026\/01\/KIND_2854_portratt-684x1024.jpg\" alt=\"\" class=\"wp-image-2228\" srcset=\"https:\/\/wearekind.se\/wp-content\/uploads\/2026\/01\/KIND_2854_portratt-684x1024.jpg 684w, https:\/\/wearekind.se\/wp-content\/uploads\/2026\/01\/KIND_2854_portratt-200x300.jpg 200w, https:\/\/wearekind.se\/wp-content\/uploads\/2026\/01\/KIND_2854_portratt-768x1150.jpg 768w, https:\/\/wearekind.se\/wp-content\/uploads\/2026\/01\/KIND_2854_portratt-1026x1536.jpg 1026w, https:\/\/wearekind.se\/wp-content\/uploads\/2026\/01\/KIND_2854_portratt.jpg 1349w\" sizes=\"auto, (max-width: 684px) 100vw, 684px\" \/><\/figure>\n\n\n\n<p><strong>Jenny Ljung<\/strong><br>Produktionsledare<br>0707 &#8211; 125 252<\/p>\n<\/div>\n<\/div>\n\n\n\n<div class=\"wp-block-columns is-layout-flex wp-container-core-columns-is-layout-9d6595d7 wp-block-columns-is-layout-flex\">\n<div class=\"wp-block-column is-layout-flow wp-block-column-is-layout-flow\"><\/div>\n<\/div>\n\n\n\n<div class=\"wp-block-columns is-layout-flex wp-container-core-columns-is-layout-9d6595d7 wp-block-columns-is-layout-flex\">\n<div class=\"wp-block-column is-layout-flow wp-block-column-is-layout-flow\">\n<figure class=\"wp-block-image size-large\"><img loading=\"lazy\" decoding=\"async\" width=\"683\" height=\"1024\" src=\"https:\/\/wearekind.se\/wp-content\/uploads\/2026\/01\/KIND_3246_portratt-683x1024.jpg\" alt=\"\" class=\"wp-image-2230\" srcset=\"https:\/\/wearekind.se\/wp-content\/uploads\/2026\/01\/KIND_3246_portratt-683x1024.jpg 683w, https:\/\/wearekind.se\/wp-content\/uploads\/2026\/01\/KIND_3246_portratt-200x300.jpg 200w, https:\/\/wearekind.se\/wp-content\/uploads\/2026\/01\/KIND_3246_portratt-768x1151.jpg 768w, https:\/\/wearekind.se\/wp-content\/uploads\/2026\/01\/KIND_3246_portratt-1025x1536.jpg 1025w, https:\/\/wearekind.se\/wp-content\/uploads\/2026\/01\/KIND_3246_portratt.jpg 1348w\" sizes=\"auto, (max-width: 683px) 100vw, 683px\" \/><\/figure>\n\n\n\n<p><strong>Mattias Berglund<\/strong><br>Grafisk Designer<br>0704 &#8211; 352 210<\/p>\n<\/div>\n\n\n\n<div class=\"wp-block-column is-vertically-aligned-center is-layout-flow wp-block-column-is-layout-flow\">\n<figure class=\"wp-block-image size-large\"><img loading=\"lazy\" decoding=\"async\" width=\"683\" height=\"1024\" src=\"https:\/\/wearekind.se\/wp-content\/uploads\/2026\/01\/KIND_4037_portratt-683x1024.jpg\" alt=\"\" class=\"wp-image-2232\" srcset=\"https:\/\/wearekind.se\/wp-content\/uploads\/2026\/01\/KIND_4037_portratt-683x1024.jpg 683w, https:\/\/wearekind.se\/wp-content\/uploads\/2026\/01\/KIND_4037_portratt-200x300.jpg 200w, https:\/\/wearekind.se\/wp-content\/uploads\/2026\/01\/KIND_4037_portratt-768x1151.jpg 768w, https:\/\/wearekind.se\/wp-content\/uploads\/2026\/01\/KIND_4037_portratt-1025x1536.jpg 1025w, https:\/\/wearekind.se\/wp-content\/uploads\/2026\/01\/KIND_4037_portratt.jpg 1348w\" sizes=\"auto, (max-width: 683px) 100vw, 683px\" \/><\/figure>\n\n\n\n<p><strong>Klara Abrahamsson<\/strong><br>Grafisk Designer<br>0704 &#8211; 325 982<\/p>\n<\/div>\n\n\n\n<div class=\"wp-block-column is-vertically-aligned-top is-layout-flow wp-block-column-is-layout-flow\">\n<figure class=\"wp-block-image size-large\"><img loading=\"lazy\" decoding=\"async\" width=\"683\" height=\"1024\" src=\"https:\/\/wearekind.se\/wp-content\/uploads\/2026\/01\/KIND_3281_portratt-683x1024.jpg\" alt=\"\" class=\"wp-image-2234\" srcset=\"https:\/\/wearekind.se\/wp-content\/uploads\/2026\/01\/KIND_3281_portratt-683x1024.jpg 683w, https:\/\/wearekind.se\/wp-content\/uploads\/2026\/01\/KIND_3281_portratt-200x300.jpg 200w, https:\/\/wearekind.se\/wp-content\/uploads\/2026\/01\/KIND_3281_portratt-768x1151.jpg 768w, https:\/\/wearekind.se\/wp-content\/uploads\/2026\/01\/KIND_3281_portratt-1025x1536.jpg 1025w, https:\/\/wearekind.se\/wp-content\/uploads\/2026\/01\/KIND_3281_portratt.jpg 1348w\" sizes=\"auto, (max-width: 683px) 100vw, 683px\" \/><\/figure>\n\n\n\n<p><strong>Rasmus Alkestrand<\/strong><br>Grafisk Designer (tj\u00e4nstledig)<br>0703 &#8211; 913 207<\/p>\n<\/div>\n<\/div>\n\n\n\n<p><\/p>\n\n\n\n<p><\/p>\n","protected":false},"excerpt":{"rendered":"<p>S\u00e4g Hej! Vi tr\u00e4ffar g\u00e4rna nya m\u00e4nniskor och diskuterar sp\u00e4nnande projekt. H\u00f6r av dig oavsett om du letar efter en ny byr\u00e5 eller vill ta en kopp kaffe. Om du letar efter en praktikplats har vi tyv\u00e4rr inte m\u00f6jlighet att svara p\u00e5 alla f\u00f6rfr\u00e5gningar. We are Kind ABHumlegatan 4211 27 Malm\u00f6hello (at) wearekind (dot) se [&hellip;]<\/p>\n","protected":false},"author":1,"featured_media":0,"parent":0,"menu_order":0,"comment_status":"closed","ping_status":"closed","template":"","meta":{"inline_featured_image":false,"footnotes":""},"class_list":["post-496","page","type-page","status-publish","hentry"],"acf":[],"_links":{"self":[{"href":"https:\/\/wearekind.se\/sv\/wp-json\/wp\/v2\/pages\/496","targetHints":{"allow":["GET"]}}],"collection":[{"href":"https:\/\/wearekind.se\/sv\/wp-json\/wp\/v2\/pages"}],"about":[{"href":"https:\/\/wearekind.se\/sv\/wp-json\/wp\/v2\/types\/page"}],"author":[{"embeddable":true,"href":"https:\/\/wearekind.se\/sv\/wp-json\/wp\/v2\/users\/1"}],"replies":[{"embeddable":true,"href":"https:\/\/wearekind.se\/sv\/wp-json\/wp\/v2\/comments?post=496"}],"version-history":[{"count":14,"href":"https:\/\/wearekind.se\/sv\/wp-json\/wp\/v2\/pages\/496\/revisions"}],"predecessor-version":[{"id":2256,"href":"https:\/\/wearekind.se\/sv\/wp-json\/wp\/v2\/pages\/496\/revisions\/2256"}],"wp:attachment":[{"href":"https:\/\/wearekind.se\/sv\/wp-json\/wp\/v2\/media?parent=496"}],"curies":[{"name":"wp","href":"https:\/\/api.w.org\/{rel}","templated":true}]}}