{"id":500,"date":"2022-04-20T12:42:05","date_gmt":"2022-04-20T12:42:05","guid":{"rendered":"https:\/\/wearekind.se\/om-oss\/"},"modified":"2024-04-30T06:40:26","modified_gmt":"2024-04-30T06:40:26","slug":"om-oss","status":"publish","type":"page","link":"https:\/\/wearekind.se\/sv\/om-oss\/","title":{"rendered":"Om oss"},"content":{"rendered":"\n<div style=\"height:185px\" aria-hidden=\"true\" class=\"wp-block-spacer\"><\/div>\n\n\n\n<div class=\"wp-block-group scroll-trigger scroll-fade\"><div class=\"wp-block-group__inner-container is-layout-flow wp-block-group-is-layout-flow\">\n<h2 class=\"wp-block-heading\">We Are Kind<\/h2>\n\n\n\n<p>Kind \u00e4r en kreativ kommunikations-och designbyr\u00e5 som hj\u00e4lper varum\u00e4rken att v\u00e4xa. Vi erbjuder tj\u00e4nster inom varum\u00e4rkesutveckling, konceptutveckling, f\u00f6rpackningsdesign, varum\u00e4rkesidentiteter, trade marketing och shopper marketing. Vi arbetar n\u00e4ra v\u00e5ra kunder och utvecklar tillsammans l\u00f6sningar som ger resultat.<\/p>\n<\/div><\/div>\n\n\n\n<div style=\"height:100px\" aria-hidden=\"true\" class=\"wp-block-spacer\"><\/div>\n\n\n\n<div class=\" k-masked-wrapper\">\n        <img decoding=\"async\" class=\"kind-k\" src=\"https:\/\/wearekind.se\/wp-content\/themes\/kind_theme\/img\/kind_k.svg\" alt=\"\">\n    <div class=\"k-masked-img bg-center bg-cover\" style=\"background-image: url(https:\/\/wearekind.se\/wp-content\/uploads\/2023\/03\/Fasad_About.jpeg)\">\n    <\/div>\n<\/div>\n\n\n<div style=\"height:100px\" aria-hidden=\"true\" class=\"wp-block-spacer\"><\/div>\n\n\n\n<div class=\"n-mask alignwide relative\">\n<svg data-speed=\"0.8\" version=\"1.1\" id=\"Lager_1\" xmlns=\"http:\/\/www.w3.org\/2000\/svg\" xmlns:xlink=\"http:\/\/www.w3.org\/1999\/xlink\" x=\"0px\" y=\"0px\"\n\t viewBox=\"0 0 595.3 602.2\" style=\"enable-background:new 0 0 595.3 602.2;\" xml:space=\"preserve\">\n<style type=\"text\/css\">\n\t#lower {fill: #FFF39D }\n<\/style>\n<polygon id=\"lower\" points=\"0.9,602.5 555.7,602.5 0.9,47.5 \"\/>\n<\/svg>\n<div class=\"bottom-left fade-in-once\">\n    <h2>V\u00e5r process<\/h2>\n    <p class=\"text-block\">V\u00e5r process innefattar konceptutveckling, vidareutveckling och utf\u00f6rande. Oavsett om projektet \u00e4r en l\u00e5ngsiktig varum\u00e4rkesbyggande aktivitet eller produktion av inneh\u00e5ll f\u00f6r kundens sociala mediakanaler arbetar vi n\u00e4ra kunden f\u00f6r att hitta kraftfulla l\u00f6sningar som levererar resultat. Genom fakta, kreativitet och ett \u00f6ga f\u00f6r detaljer ger vi koncept liv.<\/p>\n<\/div>\n<div class=\"masked-img bg-cover desktop-only absolute top-0 left-0 w-full\" style=\"background-image: url(https:\/\/wearekind.se\/wp-content\/uploads\/2023\/03\/Stickers_6.jpeg)\"><\/div>\n<\/div>\n\n\n\n\n<div style=\"height:100px\" aria-hidden=\"true\" class=\"wp-block-spacer\"><\/div>\n\n\n\n<div class=\"wp-block-columns are-vertically-aligned-center is-layout-flex wp-container-core-columns-is-layout-9d6595d7 wp-block-columns-is-layout-flex\">\n<div class=\"wp-block-column is-vertically-aligned-center is-layout-flow wp-block-column-is-layout-flow\">\n<h2 class=\"wp-block-heading\">Konceptutveckling<\/h2>\n\n\n\n<p>Genom samarbete, kreativitet och faktainsamling hittar vi koncept som m\u00f6ter m\u00e5lgrupper och differentierar varum\u00e4rken. Processen \u00e4r avg\u00f6rande f\u00f6r att leverera kraftfulla och effektiva l\u00f6sningar som hj\u00e4lper v\u00e5ra kunder att uppn\u00e5 sina m\u00e5l.<\/p>\n<\/div>\n\n\n\n<div class=\"wp-block-column is-vertically-aligned-center is-layout-flow wp-block-column-is-layout-flow\">\n<div class=\"lottie-wrapper\">\n    <lottie-player class=\"lottie-animation\" id=\"kind_start_1\" src=\"https:\/\/wearekind.se\/wp-content\/uploads\/2022\/04\/kind_start_1.json\"><\/lottie-player>\n<\/div>\n\n<script>\n\njQuery(document).ready(function($) {\n    LottieInteractivity.create({\n        player: \"#kind_start_1\",\n        mode:\"scroll\",\n        actions: [\n            {\n            visibility: [0.40, 1.0],\n            type: \"playOnce\",\n            }\n        ]\n    });\n});\n    \n<\/script><\/div>\n<\/div>\n\n\n\n<div style=\"height:100px\" aria-hidden=\"true\" class=\"wp-block-spacer\"><\/div>\n\n\n\n<div class=\"wp-block-columns are-vertically-aligned-center reverse-stacking is-layout-flex wp-container-core-columns-is-layout-9d6595d7 wp-block-columns-is-layout-flex\">\n<div class=\"wp-block-column is-vertically-aligned-center is-layout-flow wp-block-column-is-layout-flow\">\n<div class=\"lottie-wrapper\">\n    <lottie-player class=\"lottie-animation\" id=\"kind_catch_tower\" src=\"https:\/\/wearekind.se\/wp-content\/uploads\/2022\/04\/kind_catch_tower.json\"><\/lottie-player>\n<\/div>\n\n<script>\n\njQuery(document).ready(function($) {\n    LottieInteractivity.create({\n        player: \"#kind_catch_tower\",\n        mode:\"scroll\",\n        actions: [\n            {\n            visibility: [0.40, 1.0],\n            type: \"playOnce\",\n            }\n        ]\n    });\n});\n    \n<\/script><\/div>\n\n\n\n<div class=\"wp-block-column is-vertically-aligned-center is-layout-flow wp-block-column-is-layout-flow\">\n<h2 class=\"wp-block-heading\">Vidareutveckling<\/h2>\n\n\n\n<p>F\u00f6r att s\u00e4kerst\u00e4lla att de id\u00e9er vi utvecklar tilltalar m\u00e5lgruppen och ger resultat vidareutvecklar och f\u00f6rfinar vi konceptet, budskapet och utf\u00f6randet. Allt f\u00f6r att s\u00e4kerst\u00e4lla att det vi g\u00f6r levererar maximalt genomslag och skapar engagemang.<\/p>\n<\/div>\n<\/div>\n\n\n\n<div style=\"height:100px\" aria-hidden=\"true\" class=\"wp-block-spacer\"><\/div>\n\n\n\n<div class=\"wp-block-columns are-vertically-aligned-center is-layout-flex wp-container-core-columns-is-layout-9d6595d7 wp-block-columns-is-layout-flex\">\n<div class=\"wp-block-column is-vertically-aligned-center is-layout-flow wp-block-column-is-layout-flow\">\n<h2 class=\"wp-block-heading\">Utf\u00f6rande<\/h2>\n\n\n\n<p>Genom noggrann planering, detaljorientering och effektiv kommunikation s\u00e4kerst\u00e4ller vi att slutresultatet levereras i tid och inom budget.<\/p>\n<\/div>\n\n\n\n<div class=\"wp-block-column is-vertically-aligned-center is-layout-flow wp-block-column-is-layout-flow\">\n<div class=\"lottie-wrapper\">\n    <lottie-player class=\"lottie-animation\" id=\"kind_end\" src=\"https:\/\/wearekind.se\/wp-content\/uploads\/2022\/04\/kind_end.json\"><\/lottie-player>\n<\/div>\n\n<script>\n\njQuery(document).ready(function($) {\n    LottieInteractivity.create({\n        player: \"#kind_end\",\n        mode:\"scroll\",\n        actions: [\n            {\n            visibility: [0.40, 1.0],\n            type: \"playOnce\",\n            }\n        ]\n    });\n});\n    \n<\/script><\/div>\n<\/div>\n\n\n\n<div style=\"height:100px\" aria-hidden=\"true\" class=\"wp-block-spacer\"><\/div>\n\n\n\n<h2 class=\"wp-block-heading\">N\u00e5gra av v\u00e5ra kunder<\/h2>\n\n\n\n\n<div class=\"client-stage alignfull mt-4 mb-6\">\n            <img decoding=\"async\" class=\"fade-in-once\" src=\"https:\/\/wearekind.se\/wp-content\/uploads\/2026\/04\/Wettex.png\" style=\"animation-delay: 0s\"  alt=\"\">\n            <img decoding=\"async\" class=\"fade-in-once\" src=\"https:\/\/wearekind.se\/wp-content\/uploads\/2022\/03\/Bjuv_Logo_2016_RGB.svg\" style=\"animation-delay: 0.1s\"  alt=\"\">\n            <img decoding=\"async\" class=\"fade-in-once\" src=\"https:\/\/wearekind.se\/wp-content\/uploads\/2022\/03\/Asens_logo_RGB.svg\" style=\"animation-delay: 0.2s\"  alt=\"\">\n            <img decoding=\"async\" class=\"fade-in-once\" src=\"https:\/\/wearekind.se\/wp-content\/uploads\/2023\/05\/FirstRow_Logo_RGB-1.png\" style=\"animation-delay: 0.3s\"  alt=\"\">\n            <img decoding=\"async\" class=\"fade-in-once\" src=\"https:\/\/wearekind.se\/wp-content\/uploads\/2026\/04\/Piwa-Food-logotype-CMYK.png\" style=\"animation-delay: 0.4s\"  alt=\"\">\n            <img decoding=\"async\" class=\"fade-in-once\" src=\"https:\/\/wearekind.se\/wp-content\/uploads\/2022\/05\/Sushi_Rebellion_logo_RGB.svg\" style=\"animation-delay: 0.5s\"  alt=\"\">\n            <img decoding=\"async\" class=\"fade-in-once\" src=\"https:\/\/wearekind.se\/wp-content\/uploads\/2023\/02\/isomitta.svg\" style=\"animation-delay: 0.6s\"  alt=\"\">\n            <img decoding=\"async\" class=\"fade-in-once\" src=\"https:\/\/wearekind.se\/wp-content\/uploads\/2022\/03\/Hjordnara_RGB.svg\" style=\"animation-delay: 0.7s\"  alt=\"\">\n            <img decoding=\"async\" class=\"fade-in-once\" src=\"https:\/\/wearekind.se\/wp-content\/uploads\/2022\/03\/Toppits_Logo_RGB.svg\" style=\"animation-delay: 0.8s\"  alt=\"\">\n            <img decoding=\"async\" class=\"fade-in-once\" src=\"https:\/\/wearekind.se\/wp-content\/uploads\/2022\/05\/HE_logo_97_RGB.svg\" style=\"animation-delay: 0.9s\"  alt=\"\">\n            <img decoding=\"async\" class=\"fade-in-once\" src=\"https:\/\/wearekind.se\/wp-content\/uploads\/2022\/03\/Lactalis_Sverige_logo_RGB.svg\" style=\"animation-delay: 1s\"  alt=\"\">\n            <img decoding=\"async\" class=\"fade-in-once\" src=\"https:\/\/wearekind.se\/wp-content\/uploads\/2022\/03\/lindahls_logo_svart_RGB.svg\" style=\"animation-delay: 1.1s\"  alt=\"\">\n            <img decoding=\"async\" class=\"fade-in-once\" src=\"https:\/\/wearekind.se\/wp-content\/uploads\/2022\/05\/Mrs_Chengs_logo_RGB_hemsida.svg\" style=\"animation-delay: 1.2s\"  alt=\"\">\n            <img decoding=\"async\" class=\"fade-in-once\" src=\"https:\/\/wearekind.se\/wp-content\/uploads\/2023\/03\/Gardinex_Logotyp_OrdbildSymbol_Svart.svg\" style=\"animation-delay: 1.3s\"  alt=\"\">\n            <img decoding=\"async\" class=\"fade-in-once\" src=\"https:\/\/wearekind.se\/wp-content\/uploads\/2022\/05\/Miclev_Logotyp_Svart.png\" style=\"animation-delay: 1.4s\"  alt=\"\">\n            <img decoding=\"async\" class=\"fade-in-once\" src=\"https:\/\/wearekind.se\/wp-content\/uploads\/2026\/04\/sodervidinge.png\" style=\"animation-delay: 1.5s\"  alt=\"\">\n            <img decoding=\"async\" class=\"fade-in-once\" src=\"https:\/\/wearekind.se\/wp-content\/uploads\/2022\/03\/skanemejerier_logo_RGB.svg\" style=\"animation-delay: 1.6s\"  alt=\"\">\n            <img decoding=\"async\" class=\"fade-in-once\" src=\"https:\/\/wearekind.se\/wp-content\/uploads\/2022\/03\/Bjare_Logo_RGB.svg\" style=\"animation-delay: 1.7s\"  alt=\"\">\n            <img decoding=\"async\" class=\"fade-in-once\" src=\"https:\/\/wearekind.se\/wp-content\/uploads\/2022\/05\/Helloletsgrow_Logotyp_Svart.svg\" style=\"animation-delay: 1.8s\"  alt=\"\">\n            <img decoding=\"async\" class=\"fade-in-once\" src=\"https:\/\/wearekind.se\/wp-content\/uploads\/2022\/03\/melitta.svg\" style=\"animation-delay: 1.9s\"  alt=\"\">\n            <img decoding=\"async\" class=\"fade-in-once\" src=\"https:\/\/wearekind.se\/wp-content\/uploads\/2026\/04\/Salakis-logo_RGB.png\" style=\"animation-delay: 2s\"  alt=\"\">\n            <img decoding=\"async\" class=\"fade-in-once\" src=\"https:\/\/wearekind.se\/wp-content\/uploads\/2022\/03\/Varma_Koppen_RGB_Blue.svg\" style=\"animation-delay: 2.1s\"  alt=\"\">\n            <img decoding=\"async\" class=\"fade-in-once\" src=\"https:\/\/wearekind.se\/wp-content\/uploads\/2022\/03\/Bravo-logotyp_RGB.svg\" style=\"animation-delay: 2.2s\"  alt=\"\">\n            <img decoding=\"async\" class=\"fade-in-once\" src=\"https:\/\/wearekind.se\/wp-content\/uploads\/2022\/03\/president-logo_RGB.svg\" style=\"animation-delay: 2.3s\"  alt=\"\">\n            <img decoding=\"async\" class=\"fade-in-once\" src=\"https:\/\/wearekind.se\/wp-content\/uploads\/2022\/05\/Lammin_Kuppi_RGB_Blue.svg\" style=\"animation-delay: 2.4s\"  alt=\"\">\n            <img decoding=\"async\" class=\"fade-in-once\" src=\"https:\/\/wearekind.se\/wp-content\/uploads\/2022\/05\/KungMarkatta_logo_RGB_2021.svg\" style=\"animation-delay: 2.5s\"  alt=\"\">\n            <img decoding=\"async\" class=\"fade-in-once\" src=\"https:\/\/wearekind.se\/wp-content\/uploads\/2025\/02\/Bjuvsfastigheter_logo_Vertikal_Kol_RGB-2.svg\" style=\"animation-delay: 2.6s\"  alt=\"\">\n            <img decoding=\"async\" class=\"fade-in-once\" src=\"https:\/\/wearekind.se\/wp-content\/uploads\/2022\/05\/AW-LOGO-INTERNATIONAL_RGB_hemsida.svg\" style=\"animation-delay: 2.7s\"  alt=\"\">\n            <img decoding=\"async\" class=\"fade-in-once\" src=\"https:\/\/wearekind.se\/wp-content\/uploads\/2022\/05\/UK_food_logo_black_97_RGB.svg\" style=\"animation-delay: 2.8s\"  alt=\"\">\n            <img decoding=\"async\" class=\"fade-in-once\" src=\"https:\/\/wearekind.se\/wp-content\/uploads\/2026\/04\/Buffe_identitet_Logo_Svart-1.png\" style=\"animation-delay: 2.9s\"  alt=\"\">\n            <img decoding=\"async\" class=\"fade-in-once\" src=\"https:\/\/wearekind.se\/wp-content\/uploads\/2026\/04\/ProViva_Logotype_Black-1.png\" style=\"animation-delay: 3s\"  alt=\"\">\n            <img decoding=\"async\" class=\"fade-in-once\" src=\"https:\/\/wearekind.se\/wp-content\/uploads\/2022\/03\/Bla_Band_logo_RGB.svg\" style=\"animation-delay: 3.1s\"  alt=\"\">\n            <img decoding=\"async\" class=\"fade-in-once\" src=\"https:\/\/wearekind.se\/wp-content\/uploads\/2026\/04\/Bagersro_Logotyp_Svart_RGB.png\" style=\"animation-delay: 3.2s\"  alt=\"\">\n            <img decoding=\"async\" class=\"fade-in-once\" src=\"https:\/\/wearekind.se\/wp-content\/uploads\/2022\/05\/Bong_Touch_of_Taste_black_outline_RGB_hmesida.svg\" style=\"animation-delay: 3.3s\"  alt=\"\">\n            <img decoding=\"async\" class=\"fade-in-once\" src=\"https:\/\/wearekind.se\/wp-content\/uploads\/2022\/03\/swirl_Logo_RGB.svg\" style=\"animation-delay: 3.4s\"  alt=\"\">\n            <img decoding=\"async\" class=\"fade-in-once\" src=\"https:\/\/wearekind.se\/wp-content\/uploads\/2022\/05\/Bara_logo_RGB.svg\" style=\"animation-delay: 3.5s\"  alt=\"\">\n            <img decoding=\"async\" class=\"fade-in-once\" src=\"https:\/\/wearekind.se\/wp-content\/uploads\/2022\/05\/Logo_v2_Bagers_Svart_RGB.png\" style=\"animation-delay: 3.6s\"  alt=\"\">\n            <img decoding=\"async\" class=\"fade-in-once\" src=\"https:\/\/wearekind.se\/wp-content\/uploads\/2022\/03\/Allerum_logotype_notagline.png\" style=\"animation-delay: 3.7s\"  alt=\"\">\n            <img decoding=\"async\" class=\"fade-in-once\" src=\"https:\/\/wearekind.se\/wp-content\/uploads\/2022\/05\/Reliant_logo_red_text_RGB_small_hemsida.svg\" style=\"animation-delay: 3.8s\"  alt=\"\">\n            <img decoding=\"async\" class=\"fade-in-once\" src=\"https:\/\/wearekind.se\/wp-content\/uploads\/2022\/05\/Brenntag_logo.svg\" style=\"animation-delay: 3.9s\"  alt=\"\">\n            <img decoding=\"async\" class=\"fade-in-once\" src=\"https:\/\/wearekind.se\/wp-content\/uploads\/2022\/05\/Bong_RGB_2-1.svg\" style=\"animation-delay: 4s\"  alt=\"\">\n            <img decoding=\"async\" class=\"fade-in-once\" src=\"https:\/\/wearekind.se\/wp-content\/uploads\/2022\/03\/enklapack_symboltext_RGB.svg\" style=\"animation-delay: 4.1s\"  alt=\"\">\n            <img decoding=\"async\" class=\"fade-in-once\" src=\"https:\/\/wearekind.se\/wp-content\/uploads\/2026\/04\/Vileda_logo_flag_cmyk.png\" style=\"animation-delay: 4.2s\"  alt=\"\">\n    <\/div>\n\n","protected":false},"excerpt":{"rendered":"<p>We Are Kind Kind \u00e4r en kreativ kommunikations-och designbyr\u00e5 som hj\u00e4lper varum\u00e4rken att v\u00e4xa. Vi erbjuder tj\u00e4nster inom varum\u00e4rkesutveckling, konceptutveckling, f\u00f6rpackningsdesign, varum\u00e4rkesidentiteter, trade marketing och shopper marketing. Vi arbetar n\u00e4ra v\u00e5ra kunder och utvecklar tillsammans l\u00f6sningar som ger resultat. Konceptutveckling Genom samarbete, kreativitet och faktainsamling hittar vi koncept som m\u00f6ter m\u00e5lgrupper och differentierar varum\u00e4rken. Processen [&hellip;]<\/p>\n","protected":false},"author":1,"featured_media":0,"parent":0,"menu_order":0,"comment_status":"closed","ping_status":"closed","template":"","meta":{"inline_featured_image":false,"footnotes":""},"class_list":["post-500","page","type-page","status-publish","hentry"],"acf":[],"_links":{"self":[{"href":"https:\/\/wearekind.se\/sv\/wp-json\/wp\/v2\/pages\/500","targetHints":{"allow":["GET"]}}],"collection":[{"href":"https:\/\/wearekind.se\/sv\/wp-json\/wp\/v2\/pages"}],"about":[{"href":"https:\/\/wearekind.se\/sv\/wp-json\/wp\/v2\/types\/page"}],"author":[{"embeddable":true,"href":"https:\/\/wearekind.se\/sv\/wp-json\/wp\/v2\/users\/1"}],"replies":[{"embeddable":true,"href":"https:\/\/wearekind.se\/sv\/wp-json\/wp\/v2\/comments?post=500"}],"version-history":[{"count":13,"href":"https:\/\/wearekind.se\/sv\/wp-json\/wp\/v2\/pages\/500\/revisions"}],"predecessor-version":[{"id":1853,"href":"https:\/\/wearekind.se\/sv\/wp-json\/wp\/v2\/pages\/500\/revisions\/1853"}],"wp:attachment":[{"href":"https:\/\/wearekind.se\/sv\/wp-json\/wp\/v2\/media?parent=500"}],"curies":[{"name":"wp","href":"https:\/\/api.w.org\/{rel}","templated":true}]}}